{"id":307,"date":"2020-01-18T18:29:30","date_gmt":"2020-01-18T17:29:30","guid":{"rendered":"http:\/\/latelierdelaluciole.fr\/?page_id=307"},"modified":"2023-04-06T23:26:19","modified_gmt":"2023-04-06T21:26:19","slug":"boutique","status":"publish","type":"page","link":"https:\/\/latelierdelaluciole.fr\/index.php\/boutique\/","title":{"rendered":"Boutique"},"content":{"rendered":"\n<h2 class=\"wp-block-heading\">2023 : Bienvenue \u00e0 Ze Witches!<\/h2>\n\n\n\n<p>\u00c0 Huelgoat, au 23 rue des cendres, la boutique Ze Witches accueille une vingtaine d&rsquo;artisanes et artisans. Travail du cuir, de la terre, du m\u00e9tal, tisanes, elixirs, savons, encens, balais et sorci\u00e8res &#8230; c&rsquo;est un vrai sabbat!<\/p>\n\n\n\n<figure class=\"wp-block-gallery has-nested-images columns-default is-cropped wp-block-gallery-1 is-layout-flex wp-block-gallery-is-layout-flex\">\n<figure class=\"wp-block-image size-large\"><img loading=\"lazy\" decoding=\"async\" width=\"1024\" height=\"1024\" data-id=\"391\" src=\"https:\/\/latelierdelaluciole.fr\/wp-content\/uploads\/2023\/04\/IMG_20230406_111810-1024x1024.jpg\" alt=\"\" class=\"wp-image-391\" srcset=\"https:\/\/latelierdelaluciole.fr\/wp-content\/uploads\/2023\/04\/IMG_20230406_111810-1024x1024.jpg 1024w, https:\/\/latelierdelaluciole.fr\/wp-content\/uploads\/2023\/04\/IMG_20230406_111810-300x300.jpg 300w, https:\/\/latelierdelaluciole.fr\/wp-content\/uploads\/2023\/04\/IMG_20230406_111810-150x150.jpg 150w, https:\/\/latelierdelaluciole.fr\/wp-content\/uploads\/2023\/04\/IMG_20230406_111810-768x768.jpg 768w, https:\/\/latelierdelaluciole.fr\/wp-content\/uploads\/2023\/04\/IMG_20230406_111810-1536x1536.jpg 1536w, https:\/\/latelierdelaluciole.fr\/wp-content\/uploads\/2023\/04\/IMG_20230406_111810-2048x2048.jpg 2048w, https:\/\/latelierdelaluciole.fr\/wp-content\/uploads\/2023\/04\/IMG_20230406_111810-640x640.jpg 640w\" sizes=\"auto, (max-width: 1024px) 100vw, 1024px\" \/><\/figure>\n\n\n\n<figure class=\"wp-block-image size-large\"><img loading=\"lazy\" decoding=\"async\" width=\"769\" height=\"1024\" data-id=\"396\" src=\"https:\/\/latelierdelaluciole.fr\/wp-content\/uploads\/2023\/04\/IMG_20230406_113320-769x1024.jpg\" alt=\"\" class=\"wp-image-396\" srcset=\"https:\/\/latelierdelaluciole.fr\/wp-content\/uploads\/2023\/04\/IMG_20230406_113320-769x1024.jpg 769w, https:\/\/latelierdelaluciole.fr\/wp-content\/uploads\/2023\/04\/IMG_20230406_113320-225x300.jpg 225w, https:\/\/latelierdelaluciole.fr\/wp-content\/uploads\/2023\/04\/IMG_20230406_113320-768x1023.jpg 768w, https:\/\/latelierdelaluciole.fr\/wp-content\/uploads\/2023\/04\/IMG_20230406_113320-1153x1536.jpg 1153w, https:\/\/latelierdelaluciole.fr\/wp-content\/uploads\/2023\/04\/IMG_20230406_113320-1538x2048.jpg 1538w, https:\/\/latelierdelaluciole.fr\/wp-content\/uploads\/2023\/04\/IMG_20230406_113320-scaled.jpg 1922w\" sizes=\"auto, (max-width: 769px) 100vw, 769px\" \/><\/figure>\n\n\n\n<figure class=\"wp-block-image size-large\"><img loading=\"lazy\" decoding=\"async\" width=\"769\" height=\"1024\" data-id=\"393\" src=\"https:\/\/latelierdelaluciole.fr\/wp-content\/uploads\/2023\/04\/IMG_20230406_113500-769x1024.jpg\" alt=\"\" class=\"wp-image-393\" srcset=\"https:\/\/latelierdelaluciole.fr\/wp-content\/uploads\/2023\/04\/IMG_20230406_113500-769x1024.jpg 769w, https:\/\/latelierdelaluciole.fr\/wp-content\/uploads\/2023\/04\/IMG_20230406_113500-225x300.jpg 225w, https:\/\/latelierdelaluciole.fr\/wp-content\/uploads\/2023\/04\/IMG_20230406_113500-768x1023.jpg 768w, https:\/\/latelierdelaluciole.fr\/wp-content\/uploads\/2023\/04\/IMG_20230406_113500-1153x1536.jpg 1153w, https:\/\/latelierdelaluciole.fr\/wp-content\/uploads\/2023\/04\/IMG_20230406_113500-1538x2048.jpg 1538w, https:\/\/latelierdelaluciole.fr\/wp-content\/uploads\/2023\/04\/IMG_20230406_113500-scaled.jpg 1922w\" sizes=\"auto, (max-width: 769px) 100vw, 769px\" \/><\/figure>\n\n\n\n<figure class=\"wp-block-image size-large\"><img loading=\"lazy\" decoding=\"async\" width=\"1024\" height=\"1024\" data-id=\"388\" src=\"https:\/\/latelierdelaluciole.fr\/wp-content\/uploads\/2023\/04\/IMG_20230406_111837-1024x1024.jpg\" alt=\"\" class=\"wp-image-388\" srcset=\"https:\/\/latelierdelaluciole.fr\/wp-content\/uploads\/2023\/04\/IMG_20230406_111837-1024x1024.jpg 1024w, https:\/\/latelierdelaluciole.fr\/wp-content\/uploads\/2023\/04\/IMG_20230406_111837-300x300.jpg 300w, https:\/\/latelierdelaluciole.fr\/wp-content\/uploads\/2023\/04\/IMG_20230406_111837-150x150.jpg 150w, https:\/\/latelierdelaluciole.fr\/wp-content\/uploads\/2023\/04\/IMG_20230406_111837-768x768.jpg 768w, https:\/\/latelierdelaluciole.fr\/wp-content\/uploads\/2023\/04\/IMG_20230406_111837-1536x1536.jpg 1536w, https:\/\/latelierdelaluciole.fr\/wp-content\/uploads\/2023\/04\/IMG_20230406_111837-2048x2048.jpg 2048w, https:\/\/latelierdelaluciole.fr\/wp-content\/uploads\/2023\/04\/IMG_20230406_111837-640x640.jpg 640w\" sizes=\"auto, (max-width: 1024px) 100vw, 1024px\" \/><\/figure>\n<\/figure>\n\n\n\n<h2 class=\"wp-block-heading\" id=\"l-atelier-du-myriapode-a-ferme\">2022 : Le Cartel des Arts accueille mes cr\u00e9ations!<\/h2>\n\n\n\n<p>Jusque fin d\u00e9cembre vous pouvez trouver mes cr\u00e9ations en terres polies enfum\u00e9es au Cartel des Arts, <\/p>\n\n\n\n<p>14 place du g\u00e9n\u00e9ral Leclerc \u00e0 Lannion.<\/p>\n\n\n\n<figure class=\"wp-block-image alignwide size-full\"><img loading=\"lazy\" decoding=\"async\" width=\"864\" height=\"398\" src=\"https:\/\/latelierdelaluciole.fr\/wp-content\/uploads\/2022\/11\/56317594_2268275516773049_1918829867017699328_n.jpg\" alt=\"\" class=\"wp-image-361\" srcset=\"https:\/\/latelierdelaluciole.fr\/wp-content\/uploads\/2022\/11\/56317594_2268275516773049_1918829867017699328_n.jpg 864w, https:\/\/latelierdelaluciole.fr\/wp-content\/uploads\/2022\/11\/56317594_2268275516773049_1918829867017699328_n-300x138.jpg 300w, https:\/\/latelierdelaluciole.fr\/wp-content\/uploads\/2022\/11\/56317594_2268275516773049_1918829867017699328_n-768x354.jpg 768w\" sizes=\"auto, (max-width: 864px) 100vw, 864px\" \/><\/figure>\n\n\n\n<div class=\"wp-block-columns is-layout-flex wp-container-core-columns-is-layout-9d6595d7 wp-block-columns-is-layout-flex\">\n<div class=\"wp-block-column is-layout-flow wp-block-column-is-layout-flow\" style=\"flex-basis:100%\">\n<figure class=\"wp-block-gallery alignwide has-nested-images columns-default is-cropped wp-block-gallery-2 is-layout-flex wp-block-gallery-is-layout-flex\">\n<figure class=\"wp-block-image size-full\"><img loading=\"lazy\" decoding=\"async\" width=\"526\" height=\"526\" data-id=\"365\" src=\"https:\/\/latelierdelaluciole.fr\/wp-content\/uploads\/2022\/11\/310846162_539716934824270_8383372955845933712_n-1.jpg\" alt=\"\" class=\"wp-image-365\" srcset=\"https:\/\/latelierdelaluciole.fr\/wp-content\/uploads\/2022\/11\/310846162_539716934824270_8383372955845933712_n-1.jpg 526w, https:\/\/latelierdelaluciole.fr\/wp-content\/uploads\/2022\/11\/310846162_539716934824270_8383372955845933712_n-1-300x300.jpg 300w, https:\/\/latelierdelaluciole.fr\/wp-content\/uploads\/2022\/11\/310846162_539716934824270_8383372955845933712_n-1-150x150.jpg 150w\" sizes=\"auto, (max-width: 526px) 100vw, 526px\" \/><\/figure>\n\n\n\n<figure class=\"wp-block-image size-full\"><img loading=\"lazy\" decoding=\"async\" width=\"1109\" height=\"580\" data-id=\"368\" src=\"https:\/\/latelierdelaluciole.fr\/wp-content\/uploads\/2022\/11\/103797778_2640113059589291_2823035011406730487_n.jpg\" alt=\"\" class=\"wp-image-368\" srcset=\"https:\/\/latelierdelaluciole.fr\/wp-content\/uploads\/2022\/11\/103797778_2640113059589291_2823035011406730487_n.jpg 1109w, https:\/\/latelierdelaluciole.fr\/wp-content\/uploads\/2022\/11\/103797778_2640113059589291_2823035011406730487_n-300x157.jpg 300w, https:\/\/latelierdelaluciole.fr\/wp-content\/uploads\/2022\/11\/103797778_2640113059589291_2823035011406730487_n-1024x536.jpg 1024w, https:\/\/latelierdelaluciole.fr\/wp-content\/uploads\/2022\/11\/103797778_2640113059589291_2823035011406730487_n-768x402.jpg 768w\" sizes=\"auto, (max-width: 1109px) 100vw, 1109px\" \/><\/figure>\n<\/figure>\n<\/div>\n<\/div>\n\n\n\n<h2 class=\"wp-block-heading\"> 2019 &#8211; 2021 : L&rsquo;atelier du myriapode!<\/h2>\n\n\n\n<p>L&rsquo;aventure myriapode est finie mais chaque artisanes continue de son c\u00f4t\u00e9. N&rsquo;h\u00e9sitez pas \u00e0 les contacter!<\/p>\n\n\n\n<figure class=\"wp-block-gallery has-nested-images columns-default is-cropped wp-block-gallery-3 is-layout-flex wp-block-gallery-is-layout-flex\">\n<figure class=\"wp-block-image size-large\"><img loading=\"lazy\" decoding=\"async\" width=\"727\" height=\"1024\" data-id=\"322\" src=\"https:\/\/latelierdelaluciole.fr\/wp-content\/uploads\/2020\/03\/Flyer-Myriapode-fe\u0301v-2020-verso-727x1024.jpg\" alt=\"\" class=\"wp-image-322\" srcset=\"https:\/\/latelierdelaluciole.fr\/wp-content\/uploads\/2020\/03\/Flyer-Myriapode-fe\u0301v-2020-verso-727x1024.jpg 727w, https:\/\/latelierdelaluciole.fr\/wp-content\/uploads\/2020\/03\/Flyer-Myriapode-fe\u0301v-2020-verso-213x300.jpg 213w, https:\/\/latelierdelaluciole.fr\/wp-content\/uploads\/2020\/03\/Flyer-Myriapode-fe\u0301v-2020-verso-768x1082.jpg 768w, https:\/\/latelierdelaluciole.fr\/wp-content\/uploads\/2020\/03\/Flyer-Myriapode-fe\u0301v-2020-verso.jpg 827w\" sizes=\"auto, (max-width: 727px) 100vw, 727px\" \/><\/figure>\n<\/figure>\n\n\n\n<figure class=\"wp-block-gallery has-nested-images columns-default is-cropped wp-block-gallery-4 is-layout-flex wp-block-gallery-is-layout-flex\">\n<figure class=\"wp-block-image size-large\"><img loading=\"lazy\" decoding=\"async\" width=\"960\" height=\"720\" data-id=\"308\" src=\"https:\/\/latelierdelaluciole.fr\/wp-content\/uploads\/2020\/01\/70202925_10211724201261114_2216014889204318208_n.jpg\" alt=\"\" class=\"wp-image-308\" srcset=\"https:\/\/latelierdelaluciole.fr\/wp-content\/uploads\/2020\/01\/70202925_10211724201261114_2216014889204318208_n.jpg 960w, https:\/\/latelierdelaluciole.fr\/wp-content\/uploads\/2020\/01\/70202925_10211724201261114_2216014889204318208_n-300x225.jpg 300w, https:\/\/latelierdelaluciole.fr\/wp-content\/uploads\/2020\/01\/70202925_10211724201261114_2216014889204318208_n-768x576.jpg 768w\" sizes=\"auto, (max-width: 960px) 100vw, 960px\" \/><\/figure>\n\n\n\n<figure class=\"wp-block-image size-large\"><img loading=\"lazy\" decoding=\"async\" width=\"720\" height=\"960\" data-id=\"309\" src=\"https:\/\/latelierdelaluciole.fr\/wp-content\/uploads\/2020\/01\/70787725_10211724198061034_3480751800028495872_n.jpg\" alt=\"\" class=\"wp-image-309\" srcset=\"https:\/\/latelierdelaluciole.fr\/wp-content\/uploads\/2020\/01\/70787725_10211724198061034_3480751800028495872_n.jpg 720w, https:\/\/latelierdelaluciole.fr\/wp-content\/uploads\/2020\/01\/70787725_10211724198061034_3480751800028495872_n-225x300.jpg 225w\" sizes=\"auto, (max-width: 720px) 100vw, 720px\" \/><\/figure>\n\n\n\n<figure class=\"wp-block-image size-large\"><img loading=\"lazy\" decoding=\"async\" width=\"720\" height=\"960\" data-id=\"310\" src=\"https:\/\/latelierdelaluciole.fr\/wp-content\/uploads\/2020\/01\/71237568_10211724190140836_8173634772187217920_n.jpg\" alt=\"\" class=\"wp-image-310\" srcset=\"https:\/\/latelierdelaluciole.fr\/wp-content\/uploads\/2020\/01\/71237568_10211724190140836_8173634772187217920_n.jpg 720w, https:\/\/latelierdelaluciole.fr\/wp-content\/uploads\/2020\/01\/71237568_10211724190140836_8173634772187217920_n-225x300.jpg 225w\" sizes=\"auto, (max-width: 720px) 100vw, 720px\" \/><\/figure>\n\n\n\n<figure class=\"wp-block-image size-large\"><img loading=\"lazy\" decoding=\"async\" width=\"720\" height=\"960\" data-id=\"311\" src=\"https:\/\/latelierdelaluciole.fr\/wp-content\/uploads\/2020\/01\/71500045_10211724213181412_5436862210808741888_n.jpg\" alt=\"\" class=\"wp-image-311\" srcset=\"https:\/\/latelierdelaluciole.fr\/wp-content\/uploads\/2020\/01\/71500045_10211724213181412_5436862210808741888_n.jpg 720w, https:\/\/latelierdelaluciole.fr\/wp-content\/uploads\/2020\/01\/71500045_10211724213181412_5436862210808741888_n-225x300.jpg 225w\" sizes=\"auto, (max-width: 720px) 100vw, 720px\" \/><\/figure>\n\n\n\n<figure class=\"wp-block-image size-large\"><img loading=\"lazy\" decoding=\"async\" width=\"960\" height=\"960\" data-id=\"312\" src=\"https:\/\/latelierdelaluciole.fr\/wp-content\/uploads\/2020\/01\/81822535_10212362557499621_2884906859590844416_o.jpg\" alt=\"\" class=\"wp-image-312\" srcset=\"https:\/\/latelierdelaluciole.fr\/wp-content\/uploads\/2020\/01\/81822535_10212362557499621_2884906859590844416_o.jpg 960w, https:\/\/latelierdelaluciole.fr\/wp-content\/uploads\/2020\/01\/81822535_10212362557499621_2884906859590844416_o-300x300.jpg 300w, https:\/\/latelierdelaluciole.fr\/wp-content\/uploads\/2020\/01\/81822535_10212362557499621_2884906859590844416_o-150x150.jpg 150w, https:\/\/latelierdelaluciole.fr\/wp-content\/uploads\/2020\/01\/81822535_10212362557499621_2884906859590844416_o-768x768.jpg 768w, https:\/\/latelierdelaluciole.fr\/wp-content\/uploads\/2020\/01\/81822535_10212362557499621_2884906859590844416_o-640x640.jpg 640w\" sizes=\"auto, (max-width: 960px) 100vw, 960px\" \/><\/figure>\n<\/figure>\n","protected":false},"excerpt":{"rendered":"<p>2023 : Bienvenue \u00e0 Ze Witches! \u00c0 Huelgoat, au 23 rue des cendres, la boutique Ze Witches accueille une vingtaine d&rsquo;artisanes et artisans. Travail du cuir, de la terre, du m\u00e9tal, tisanes, elixirs, savons, encens, balais et sorci\u00e8res &hellip; <\/p>\n<div class=\"more-link-wrapper\"><a href=\"https:\/\/latelierdelaluciole.fr\/index.php\/boutique\/\" class=\"more-link\">Continue reading<span class=\"screen-reader-text\"> \u00ab\u00a0Boutique\u00a0\u00bb<\/span><\/a><\/div>\n","protected":false},"author":2,"featured_media":0,"parent":0,"menu_order":0,"comment_status":"closed","ping_status":"closed","template":"","meta":{"footnotes":""},"class_list":["post-307","page","type-page","status-publish","hentry"],"yoast_head":"<!-- This site is optimized with the Yoast SEO plugin v27.3 - https:\/\/yoast.com\/product\/yoast-seo-wordpress\/ -->\n<title>Boutique - L&#039;atelier de la luciole-Lucia Diaz<\/title>\n<meta name=\"robots\" content=\"index, follow, max-snippet:-1, max-image-preview:large, max-video-preview:-1\" \/>\n<link rel=\"canonical\" href=\"https:\/\/latelierdelaluciole.fr\/index.php\/boutique\/\" \/>\n<meta property=\"og:locale\" content=\"fr_FR\" \/>\n<meta property=\"og:type\" content=\"article\" \/>\n<meta property=\"og:title\" content=\"Boutique - L&#039;atelier de la luciole-Lucia Diaz\" \/>\n<meta property=\"og:description\" content=\"2023 : Bienvenue \u00e0 Ze Witches! \u00c0 Huelgoat, au 23 rue des cendres, la boutique Ze Witches accueille une vingtaine d&rsquo;artisanes et artisans. Travail du cuir, de la terre, du m\u00e9tal, tisanes, elixirs, savons, encens, balais et sorci\u00e8res &hellip; Continue reading &quot;Boutique&quot;\" \/>\n<meta property=\"og:url\" content=\"https:\/\/latelierdelaluciole.fr\/index.php\/boutique\/\" \/>\n<meta property=\"og:site_name\" content=\"L&#039;atelier de la luciole-Lucia Diaz\" \/>\n<meta property=\"article:modified_time\" content=\"2023-04-06T21:26:19+00:00\" \/>\n<meta property=\"og:image\" content=\"https:\/\/latelierdelaluciole.fr\/wp-content\/uploads\/2023\/04\/IMG_20230406_111810-1024x1024.jpg\" \/>\n<meta name=\"twitter:card\" content=\"summary_large_image\" \/>\n<meta name=\"twitter:label1\" content=\"Dur\u00e9e de lecture estim\u00e9e\" \/>\n\t<meta name=\"twitter:data1\" content=\"4 minutes\" \/>\n<script type=\"application\/ld+json\" class=\"yoast-schema-graph\">{\"@context\":\"https:\\\/\\\/schema.org\",\"@graph\":[{\"@type\":\"WebPage\",\"@id\":\"https:\\\/\\\/latelierdelaluciole.fr\\\/index.php\\\/boutique\\\/\",\"url\":\"https:\\\/\\\/latelierdelaluciole.fr\\\/index.php\\\/boutique\\\/\",\"name\":\"Boutique - L&#039;atelier de la luciole-Lucia Diaz\",\"isPartOf\":{\"@id\":\"https:\\\/\\\/latelierdelaluciole.fr\\\/#website\"},\"primaryImageOfPage\":{\"@id\":\"https:\\\/\\\/latelierdelaluciole.fr\\\/index.php\\\/boutique\\\/#primaryimage\"},\"image\":{\"@id\":\"https:\\\/\\\/latelierdelaluciole.fr\\\/index.php\\\/boutique\\\/#primaryimage\"},\"thumbnailUrl\":\"https:\\\/\\\/latelierdelaluciole.fr\\\/wp-content\\\/uploads\\\/2023\\\/04\\\/IMG_20230406_111810-1024x1024.jpg\",\"datePublished\":\"2020-01-18T17:29:30+00:00\",\"dateModified\":\"2023-04-06T21:26:19+00:00\",\"breadcrumb\":{\"@id\":\"https:\\\/\\\/latelierdelaluciole.fr\\\/index.php\\\/boutique\\\/#breadcrumb\"},\"inLanguage\":\"fr-FR\",\"potentialAction\":[{\"@type\":\"ReadAction\",\"target\":[\"https:\\\/\\\/latelierdelaluciole.fr\\\/index.php\\\/boutique\\\/\"]}]},{\"@type\":\"ImageObject\",\"inLanguage\":\"fr-FR\",\"@id\":\"https:\\\/\\\/latelierdelaluciole.fr\\\/index.php\\\/boutique\\\/#primaryimage\",\"url\":\"https:\\\/\\\/latelierdelaluciole.fr\\\/wp-content\\\/uploads\\\/2023\\\/04\\\/IMG_20230406_111810-scaled.jpg\",\"contentUrl\":\"https:\\\/\\\/latelierdelaluciole.fr\\\/wp-content\\\/uploads\\\/2023\\\/04\\\/IMG_20230406_111810-scaled.jpg\",\"width\":2560,\"height\":2560},{\"@type\":\"BreadcrumbList\",\"@id\":\"https:\\\/\\\/latelierdelaluciole.fr\\\/index.php\\\/boutique\\\/#breadcrumb\",\"itemListElement\":[{\"@type\":\"ListItem\",\"position\":1,\"name\":\"Accueil\",\"item\":\"https:\\\/\\\/latelierdelaluciole.fr\\\/\"},{\"@type\":\"ListItem\",\"position\":2,\"name\":\"Boutique\"}]},{\"@type\":\"WebSite\",\"@id\":\"https:\\\/\\\/latelierdelaluciole.fr\\\/#website\",\"url\":\"https:\\\/\\\/latelierdelaluciole.fr\\\/\",\"name\":\"L&#039;atelier de la luciole-Lucia Diaz\",\"description\":\"\",\"potentialAction\":[{\"@type\":\"SearchAction\",\"target\":{\"@type\":\"EntryPoint\",\"urlTemplate\":\"https:\\\/\\\/latelierdelaluciole.fr\\\/?s={search_term_string}\"},\"query-input\":{\"@type\":\"PropertyValueSpecification\",\"valueRequired\":true,\"valueName\":\"search_term_string\"}}],\"inLanguage\":\"fr-FR\"}]}<\/script>\n<!-- \/ Yoast SEO plugin. -->","yoast_head_json":{"title":"Boutique - L&#039;atelier de la luciole-Lucia Diaz","robots":{"index":"index","follow":"follow","max-snippet":"max-snippet:-1","max-image-preview":"max-image-preview:large","max-video-preview":"max-video-preview:-1"},"canonical":"https:\/\/latelierdelaluciole.fr\/index.php\/boutique\/","og_locale":"fr_FR","og_type":"article","og_title":"Boutique - L&#039;atelier de la luciole-Lucia Diaz","og_description":"2023 : Bienvenue \u00e0 Ze Witches! \u00c0 Huelgoat, au 23 rue des cendres, la boutique Ze Witches accueille une vingtaine d&rsquo;artisanes et artisans. Travail du cuir, de la terre, du m\u00e9tal, tisanes, elixirs, savons, encens, balais et sorci\u00e8res &hellip; Continue reading \"Boutique\"","og_url":"https:\/\/latelierdelaluciole.fr\/index.php\/boutique\/","og_site_name":"L&#039;atelier de la luciole-Lucia Diaz","article_modified_time":"2023-04-06T21:26:19+00:00","og_image":[{"url":"https:\/\/latelierdelaluciole.fr\/wp-content\/uploads\/2023\/04\/IMG_20230406_111810-1024x1024.jpg","type":"","width":"","height":""}],"twitter_card":"summary_large_image","twitter_misc":{"Dur\u00e9e de lecture estim\u00e9e":"4 minutes"},"schema":{"@context":"https:\/\/schema.org","@graph":[{"@type":"WebPage","@id":"https:\/\/latelierdelaluciole.fr\/index.php\/boutique\/","url":"https:\/\/latelierdelaluciole.fr\/index.php\/boutique\/","name":"Boutique - L&#039;atelier de la luciole-Lucia Diaz","isPartOf":{"@id":"https:\/\/latelierdelaluciole.fr\/#website"},"primaryImageOfPage":{"@id":"https:\/\/latelierdelaluciole.fr\/index.php\/boutique\/#primaryimage"},"image":{"@id":"https:\/\/latelierdelaluciole.fr\/index.php\/boutique\/#primaryimage"},"thumbnailUrl":"https:\/\/latelierdelaluciole.fr\/wp-content\/uploads\/2023\/04\/IMG_20230406_111810-1024x1024.jpg","datePublished":"2020-01-18T17:29:30+00:00","dateModified":"2023-04-06T21:26:19+00:00","breadcrumb":{"@id":"https:\/\/latelierdelaluciole.fr\/index.php\/boutique\/#breadcrumb"},"inLanguage":"fr-FR","potentialAction":[{"@type":"ReadAction","target":["https:\/\/latelierdelaluciole.fr\/index.php\/boutique\/"]}]},{"@type":"ImageObject","inLanguage":"fr-FR","@id":"https:\/\/latelierdelaluciole.fr\/index.php\/boutique\/#primaryimage","url":"https:\/\/latelierdelaluciole.fr\/wp-content\/uploads\/2023\/04\/IMG_20230406_111810-scaled.jpg","contentUrl":"https:\/\/latelierdelaluciole.fr\/wp-content\/uploads\/2023\/04\/IMG_20230406_111810-scaled.jpg","width":2560,"height":2560},{"@type":"BreadcrumbList","@id":"https:\/\/latelierdelaluciole.fr\/index.php\/boutique\/#breadcrumb","itemListElement":[{"@type":"ListItem","position":1,"name":"Accueil","item":"https:\/\/latelierdelaluciole.fr\/"},{"@type":"ListItem","position":2,"name":"Boutique"}]},{"@type":"WebSite","@id":"https:\/\/latelierdelaluciole.fr\/#website","url":"https:\/\/latelierdelaluciole.fr\/","name":"L&#039;atelier de la luciole-Lucia Diaz","description":"","potentialAction":[{"@type":"SearchAction","target":{"@type":"EntryPoint","urlTemplate":"https:\/\/latelierdelaluciole.fr\/?s={search_term_string}"},"query-input":{"@type":"PropertyValueSpecification","valueRequired":true,"valueName":"search_term_string"}}],"inLanguage":"fr-FR"}]}},"_links":{"self":[{"href":"https:\/\/latelierdelaluciole.fr\/index.php\/wp-json\/wp\/v2\/pages\/307","targetHints":{"allow":["GET"]}}],"collection":[{"href":"https:\/\/latelierdelaluciole.fr\/index.php\/wp-json\/wp\/v2\/pages"}],"about":[{"href":"https:\/\/latelierdelaluciole.fr\/index.php\/wp-json\/wp\/v2\/types\/page"}],"author":[{"embeddable":true,"href":"https:\/\/latelierdelaluciole.fr\/index.php\/wp-json\/wp\/v2\/users\/2"}],"replies":[{"embeddable":true,"href":"https:\/\/latelierdelaluciole.fr\/index.php\/wp-json\/wp\/v2\/comments?post=307"}],"version-history":[{"count":11,"href":"https:\/\/latelierdelaluciole.fr\/index.php\/wp-json\/wp\/v2\/pages\/307\/revisions"}],"predecessor-version":[{"id":402,"href":"https:\/\/latelierdelaluciole.fr\/index.php\/wp-json\/wp\/v2\/pages\/307\/revisions\/402"}],"wp:attachment":[{"href":"https:\/\/latelierdelaluciole.fr\/index.php\/wp-json\/wp\/v2\/media?parent=307"}],"curies":[{"name":"wp","href":"https:\/\/api.w.org\/{rel}","templated":true}]}}