{"id":107,"date":"2019-03-14T15:02:27","date_gmt":"2019-03-14T14:02:27","guid":{"rendered":"http:\/\/latelierdelaluciole.fr\/?page_id=107"},"modified":"2022-02-03T18:20:00","modified_gmt":"2022-02-03T17:20:00","slug":"agenda-des-marches","status":"publish","type":"page","link":"https:\/\/latelierdelaluciole.fr\/index.php\/agenda-des-marches\/","title":{"rendered":"Agenda des march\u00e9s"},"content":{"rendered":"\n<p class=\"has-medium-font-size\"><strong>J&rsquo;y \u00e9tais en 2020 et 2021<\/strong><\/p>\n\n\n\n<ul class=\"wp-block-list\"><li><strong>12 d\u00e9cembre 2021:<\/strong> March\u00e9 de No\u00ebl de Diwan Lannuon, les Ursulines, Lannion.<\/li><\/ul>\n\n\n\n<ul class=\"wp-block-list\"><li><strong>19 et 20 septembre 2020 : <\/strong>Les Enflamm\u00e9s, Lannion.                    https:\/\/www.les-enflammes.com\/                         <\/li><\/ul>\n\n\n\n<p class=\"has-medium-font-size\"><strong>J&rsquo;y \u00e9tais en 2019<\/strong><\/p>\n\n\n\n<p>March\u00e9s de No\u00ebl :<\/p>\n\n\n\n<ul class=\"wp-block-list\"><li><strong>15 d\u00e9cembre :<\/strong> March\u00e9 de No\u00ebl de Diwan Lannuon, les Ursulines, Lannion.<\/li><li><strong>30 nov. et 01 d\u00e9c. 2019 :<\/strong> March\u00e9 de No\u00ebl de Diwan Pempoull, salle des f\u00eates.<\/li><li><strong>23 et 24 novembre 2019 :<\/strong> March\u00e9 de No\u00ebl, salle de l&rsquo;Estran, Binic<\/li><\/ul>\n\n\n\n<p>March\u00e9s de c\u00e9ramique et salons des m\u00e9tiers d&rsquo;Art :<\/p>\n\n\n\n<ul class=\"wp-block-list\"><li><strong>01, 02 et 03 novembre 2019 :<\/strong> Salon des m\u00e9tiers d&rsquo;art, salle des Ursulines, Lannion.<\/li><li><strong>21 et 22 septembre 2019 : <\/strong>Les Enflamm\u00e9s, Lannion.<\/li><li><strong>15 septembre 2019 : <\/strong>F\u00eate des lises, St Jean la Poterie.<\/li><li><strong>21 et 22 ao\u00fbt 2019 : <\/strong>Escale c\u00e9ramique, Pornichet.<\/li><li><strong>7<\/strong> <strong>et 8 ao\u00fbt 2019 : <\/strong>\u00c9t\u00e9 des potiers, Vannes.<\/li><li><strong>20 et 21 juillet 2019<\/strong> : March\u00e9 de potiers, \u00e0 la P\u00e9piterre, Sarzeau.<\/li><li><strong>15 et 16 juin 2019 :<\/strong> 4\u00e8me rencontres c\u00e9ramiques de Traon Nevez, Dourduff en mer, baie de Morlaix.<\/li><\/ul>\n\n\n\n<figure class=\"wp-block-gallery has-nested-images columns-default is-cropped wp-block-gallery-1 is-layout-flex wp-block-gallery-is-layout-flex\">\n<figure class=\"wp-block-image size-large\"><img loading=\"lazy\" decoding=\"async\" width=\"695\" height=\"974\" data-id=\"266\" src=\"https:\/\/latelierdelaluciole.fr\/wp-content\/uploads\/2019\/07\/Affiche-fete-lises-2019-ecran-695x974.jpg\" alt=\"\" class=\"wp-image-266\" srcset=\"https:\/\/latelierdelaluciole.fr\/wp-content\/uploads\/2019\/07\/Affiche-fete-lises-2019-ecran-695x974.jpg 695w, https:\/\/latelierdelaluciole.fr\/wp-content\/uploads\/2019\/07\/Affiche-fete-lises-2019-ecran-695x974-214x300.jpg 214w\" sizes=\"auto, (max-width: 695px) 100vw, 695px\" \/><\/figure>\n\n\n\n<figure class=\"wp-block-image size-large\"><img loading=\"lazy\" decoding=\"async\" width=\"960\" height=\"960\" data-id=\"277\" src=\"https:\/\/latelierdelaluciole.fr\/wp-content\/uploads\/2019\/08\/66058204_1034860296703831_1579666955466440704_n-1.jpg\" alt=\"\" class=\"wp-image-277\" srcset=\"https:\/\/latelierdelaluciole.fr\/wp-content\/uploads\/2019\/08\/66058204_1034860296703831_1579666955466440704_n-1.jpg 960w, https:\/\/latelierdelaluciole.fr\/wp-content\/uploads\/2019\/08\/66058204_1034860296703831_1579666955466440704_n-1-150x150.jpg 150w, https:\/\/latelierdelaluciole.fr\/wp-content\/uploads\/2019\/08\/66058204_1034860296703831_1579666955466440704_n-1-300x300.jpg 300w, https:\/\/latelierdelaluciole.fr\/wp-content\/uploads\/2019\/08\/66058204_1034860296703831_1579666955466440704_n-1-768x768.jpg 768w, https:\/\/latelierdelaluciole.fr\/wp-content\/uploads\/2019\/08\/66058204_1034860296703831_1579666955466440704_n-1-640x640.jpg 640w\" sizes=\"auto, (max-width: 960px) 100vw, 960px\" \/><\/figure>\n\n\n\n<figure class=\"wp-block-image size-large\"><img loading=\"lazy\" decoding=\"async\" width=\"341\" height=\"341\" data-id=\"281\" src=\"https:\/\/latelierdelaluciole.fr\/wp-content\/uploads\/2019\/09\/70039780_627281797678875_6887369629849616384_n.png\" alt=\"\" class=\"wp-image-281\" srcset=\"https:\/\/latelierdelaluciole.fr\/wp-content\/uploads\/2019\/09\/70039780_627281797678875_6887369629849616384_n.png 341w, https:\/\/latelierdelaluciole.fr\/wp-content\/uploads\/2019\/09\/70039780_627281797678875_6887369629849616384_n-150x150.png 150w, https:\/\/latelierdelaluciole.fr\/wp-content\/uploads\/2019\/09\/70039780_627281797678875_6887369629849616384_n-300x300.png 300w\" sizes=\"auto, (max-width: 341px) 100vw, 341px\" \/><\/figure>\n\n\n\n<figure class=\"wp-block-image size-large\"><img loading=\"lazy\" decoding=\"async\" width=\"749\" height=\"960\" data-id=\"272\" src=\"https:\/\/latelierdelaluciole.fr\/wp-content\/uploads\/2019\/08\/53495645_540100519730337_3339955900117942272_n.jpg\" alt=\"\" class=\"wp-image-272\" srcset=\"https:\/\/latelierdelaluciole.fr\/wp-content\/uploads\/2019\/08\/53495645_540100519730337_3339955900117942272_n.jpg 749w, https:\/\/latelierdelaluciole.fr\/wp-content\/uploads\/2019\/08\/53495645_540100519730337_3339955900117942272_n-234x300.jpg 234w\" sizes=\"auto, (max-width: 749px) 100vw, 749px\" \/><\/figure>\n\n\n\n<figure class=\"wp-block-image size-large\"><img loading=\"lazy\" decoding=\"async\" width=\"960\" height=\"960\" data-id=\"279\" src=\"https:\/\/latelierdelaluciole.fr\/wp-content\/uploads\/2019\/08\/65701828_1360746884091546_8745176923648294912_n.jpg\" alt=\"\" class=\"wp-image-279\" srcset=\"https:\/\/latelierdelaluciole.fr\/wp-content\/uploads\/2019\/08\/65701828_1360746884091546_8745176923648294912_n.jpg 960w, https:\/\/latelierdelaluciole.fr\/wp-content\/uploads\/2019\/08\/65701828_1360746884091546_8745176923648294912_n-150x150.jpg 150w, https:\/\/latelierdelaluciole.fr\/wp-content\/uploads\/2019\/08\/65701828_1360746884091546_8745176923648294912_n-300x300.jpg 300w, https:\/\/latelierdelaluciole.fr\/wp-content\/uploads\/2019\/08\/65701828_1360746884091546_8745176923648294912_n-768x768.jpg 768w, https:\/\/latelierdelaluciole.fr\/wp-content\/uploads\/2019\/08\/65701828_1360746884091546_8745176923648294912_n-640x640.jpg 640w\" sizes=\"auto, (max-width: 960px) 100vw, 960px\" \/><\/figure>\n\n\n\n<figure class=\"wp-block-image size-large\"><img loading=\"lazy\" decoding=\"async\" width=\"809\" height=\"960\" data-id=\"276\" src=\"https:\/\/latelierdelaluciole.fr\/wp-content\/uploads\/2019\/08\/68518684_2550208195043794_3477564272869900288_n-1.jpg\" alt=\"\" class=\"wp-image-276\" srcset=\"https:\/\/latelierdelaluciole.fr\/wp-content\/uploads\/2019\/08\/68518684_2550208195043794_3477564272869900288_n-1.jpg 809w, https:\/\/latelierdelaluciole.fr\/wp-content\/uploads\/2019\/08\/68518684_2550208195043794_3477564272869900288_n-1-253x300.jpg 253w, https:\/\/latelierdelaluciole.fr\/wp-content\/uploads\/2019\/08\/68518684_2550208195043794_3477564272869900288_n-1-768x911.jpg 768w\" sizes=\"auto, (max-width: 809px) 100vw, 809px\" \/><\/figure>\n\n\n\n<figure class=\"wp-block-image size-large\"><img loading=\"lazy\" decoding=\"async\" width=\"237\" height=\"354\" data-id=\"285\" src=\"https:\/\/latelierdelaluciole.fr\/wp-content\/uploads\/2019\/11\/unnamed.jpg\" alt=\"\" class=\"wp-image-285\" srcset=\"https:\/\/latelierdelaluciole.fr\/wp-content\/uploads\/2019\/11\/unnamed.jpg 237w, https:\/\/latelierdelaluciole.fr\/wp-content\/uploads\/2019\/11\/unnamed-201x300.jpg 201w\" sizes=\"auto, (max-width: 237px) 100vw, 237px\" \/><\/figure>\n\n\n\n<figure class=\"wp-block-image size-large\"><img loading=\"lazy\" decoding=\"async\" width=\"722\" height=\"960\" data-id=\"260\" src=\"https:\/\/latelierdelaluciole.fr\/wp-content\/uploads\/2019\/07\/65807142_1032533813603146_1684802940214181888_n.jpg\" alt=\"\" class=\"wp-image-260\" srcset=\"https:\/\/latelierdelaluciole.fr\/wp-content\/uploads\/2019\/07\/65807142_1032533813603146_1684802940214181888_n.jpg 722w, https:\/\/latelierdelaluciole.fr\/wp-content\/uploads\/2019\/07\/65807142_1032533813603146_1684802940214181888_n-226x300.jpg 226w\" sizes=\"auto, (max-width: 722px) 100vw, 722px\" \/><\/figure>\n\n\n\n<figure class=\"wp-block-image size-large\"><img loading=\"lazy\" decoding=\"async\" width=\"679\" height=\"960\" data-id=\"202\" src=\"https:\/\/latelierdelaluciole.fr\/wp-content\/uploads\/2019\/05\/59996101_1661361803966935_7066984075541610496_n.jpg\" alt=\"\" class=\"wp-image-202\" srcset=\"https:\/\/latelierdelaluciole.fr\/wp-content\/uploads\/2019\/05\/59996101_1661361803966935_7066984075541610496_n.jpg 679w, https:\/\/latelierdelaluciole.fr\/wp-content\/uploads\/2019\/05\/59996101_1661361803966935_7066984075541610496_n-212x300.jpg 212w\" sizes=\"auto, (max-width: 679px) 100vw, 679px\" \/><\/figure>\n<\/figure>\n\n\n\n<p><strong>6 et 7 avril 2019 : <\/strong>Journ\u00e9es Europ\u00e9ennes des M\u00e9tiers d&rsquo;Art. Tr\u00e9guier.<\/p>\n\n\n\n<figure class=\"wp-block-gallery has-nested-images columns-default is-cropped wp-block-gallery-2 is-layout-flex wp-block-gallery-is-layout-flex\">\n<figure class=\"wp-block-image size-large\"><a href=\"https:\/\/latelierdelaluciole.fr\/wp-content\/uploads\/2019\/03\/Depliant-Jema-2019-1-1.jpg\"><img loading=\"lazy\" decoding=\"async\" width=\"1024\" height=\"724\" data-id=\"181\" src=\"https:\/\/latelierdelaluciole.fr\/wp-content\/uploads\/2019\/03\/Depliant-Jema-2019-1-1-1024x724.jpg\" alt=\"\" class=\"wp-image-181\" srcset=\"https:\/\/latelierdelaluciole.fr\/wp-content\/uploads\/2019\/03\/Depliant-Jema-2019-1-1-1024x724.jpg 1024w, https:\/\/latelierdelaluciole.fr\/wp-content\/uploads\/2019\/03\/Depliant-Jema-2019-1-1-300x212.jpg 300w, https:\/\/latelierdelaluciole.fr\/wp-content\/uploads\/2019\/03\/Depliant-Jema-2019-1-1-768x543.jpg 768w\" sizes=\"auto, (max-width: 1024px) 100vw, 1024px\" \/><\/a><\/figure>\n\n\n\n<figure class=\"wp-block-image size-large\"><a href=\"https:\/\/latelierdelaluciole.fr\/wp-content\/uploads\/2019\/03\/Depliant-Jema-2019-2.jpg\"><img loading=\"lazy\" decoding=\"async\" width=\"1024\" height=\"724\" data-id=\"182\" src=\"https:\/\/latelierdelaluciole.fr\/wp-content\/uploads\/2019\/03\/Depliant-Jema-2019-2-1024x724.jpg\" alt=\"\" class=\"wp-image-182\" srcset=\"https:\/\/latelierdelaluciole.fr\/wp-content\/uploads\/2019\/03\/Depliant-Jema-2019-2-1024x724.jpg 1024w, https:\/\/latelierdelaluciole.fr\/wp-content\/uploads\/2019\/03\/Depliant-Jema-2019-2-300x212.jpg 300w, https:\/\/latelierdelaluciole.fr\/wp-content\/uploads\/2019\/03\/Depliant-Jema-2019-2-768x543.jpg 768w\" sizes=\"auto, (max-width: 1024px) 100vw, 1024px\" \/><\/a><\/figure>\n<\/figure>\n","protected":false},"excerpt":{"rendered":"<p>J&rsquo;y \u00e9tais en 2020 et 2021 12 d\u00e9cembre 2021: March\u00e9 de No\u00ebl de Diwan Lannuon, les Ursulines, Lannion. 19 et 20 septembre 2020 : Les Enflamm\u00e9s, Lannion. https:\/\/www.les-enflammes.com\/ J&rsquo;y \u00e9tais en 2019 March\u00e9s de No\u00ebl : 15 d\u00e9cembre &hellip; <\/p>\n<div class=\"more-link-wrapper\"><a href=\"https:\/\/latelierdelaluciole.fr\/index.php\/agenda-des-marches\/\" class=\"more-link\">Continue reading<span class=\"screen-reader-text\"> \u00ab\u00a0Agenda des march\u00e9s\u00a0\u00bb<\/span><\/a><\/div>\n","protected":false},"author":1,"featured_media":0,"parent":0,"menu_order":0,"comment_status":"closed","ping_status":"closed","template":"","meta":{"footnotes":""},"class_list":["post-107","page","type-page","status-publish","hentry"],"yoast_head":"<!-- This site is optimized with the Yoast SEO plugin v27.4 - https:\/\/yoast.com\/product\/yoast-seo-wordpress\/ -->\n<title>Agenda des march\u00e9s - L&#039;atelier de la luciole-Lucia Diaz<\/title>\n<meta name=\"robots\" content=\"index, follow, max-snippet:-1, max-image-preview:large, max-video-preview:-1\" \/>\n<link rel=\"canonical\" href=\"https:\/\/latelierdelaluciole.fr\/index.php\/agenda-des-marches\/\" \/>\n<meta property=\"og:locale\" content=\"fr_FR\" \/>\n<meta property=\"og:type\" content=\"article\" \/>\n<meta property=\"og:title\" content=\"Agenda des march\u00e9s - L&#039;atelier de la luciole-Lucia Diaz\" \/>\n<meta property=\"og:description\" content=\"J&rsquo;y \u00e9tais en 2020 et 2021 12 d\u00e9cembre 2021: March\u00e9 de No\u00ebl de Diwan Lannuon, les Ursulines, Lannion. 19 et 20 septembre 2020 : Les Enflamm\u00e9s, Lannion. https:\/\/www.les-enflammes.com\/ J&rsquo;y \u00e9tais en 2019 March\u00e9s de No\u00ebl : 15 d\u00e9cembre &hellip; Continue reading &quot;Agenda des march\u00e9s&quot;\" \/>\n<meta property=\"og:url\" content=\"https:\/\/latelierdelaluciole.fr\/index.php\/agenda-des-marches\/\" \/>\n<meta property=\"og:site_name\" content=\"L&#039;atelier de la luciole-Lucia Diaz\" \/>\n<meta property=\"article:modified_time\" content=\"2022-02-03T17:20:00+00:00\" \/>\n<meta property=\"og:image\" content=\"http:\/\/latelierdelaluciole.fr\/wp-content\/uploads\/2019\/07\/Affiche-fete-lises-2019-ecran-695x974.jpg\" \/>\n<meta name=\"twitter:card\" content=\"summary_large_image\" \/>\n<meta name=\"twitter:label1\" content=\"Dur\u00e9e de lecture estim\u00e9e\" \/>\n\t<meta name=\"twitter:data1\" content=\"4 minutes\" \/>\n<script type=\"application\/ld+json\" class=\"yoast-schema-graph\">{\"@context\":\"https:\\\/\\\/schema.org\",\"@graph\":[{\"@type\":\"WebPage\",\"@id\":\"https:\\\/\\\/latelierdelaluciole.fr\\\/index.php\\\/agenda-des-marches\\\/\",\"url\":\"https:\\\/\\\/latelierdelaluciole.fr\\\/index.php\\\/agenda-des-marches\\\/\",\"name\":\"Agenda des march\u00e9s - L&#039;atelier de la luciole-Lucia Diaz\",\"isPartOf\":{\"@id\":\"https:\\\/\\\/latelierdelaluciole.fr\\\/#website\"},\"primaryImageOfPage\":{\"@id\":\"https:\\\/\\\/latelierdelaluciole.fr\\\/index.php\\\/agenda-des-marches\\\/#primaryimage\"},\"image\":{\"@id\":\"https:\\\/\\\/latelierdelaluciole.fr\\\/index.php\\\/agenda-des-marches\\\/#primaryimage\"},\"thumbnailUrl\":\"http:\\\/\\\/latelierdelaluciole.fr\\\/wp-content\\\/uploads\\\/2019\\\/07\\\/Affiche-fete-lises-2019-ecran-695x974.jpg\",\"datePublished\":\"2019-03-14T14:02:27+00:00\",\"dateModified\":\"2022-02-03T17:20:00+00:00\",\"breadcrumb\":{\"@id\":\"https:\\\/\\\/latelierdelaluciole.fr\\\/index.php\\\/agenda-des-marches\\\/#breadcrumb\"},\"inLanguage\":\"fr-FR\",\"potentialAction\":[{\"@type\":\"ReadAction\",\"target\":[\"https:\\\/\\\/latelierdelaluciole.fr\\\/index.php\\\/agenda-des-marches\\\/\"]}]},{\"@type\":\"ImageObject\",\"inLanguage\":\"fr-FR\",\"@id\":\"https:\\\/\\\/latelierdelaluciole.fr\\\/index.php\\\/agenda-des-marches\\\/#primaryimage\",\"url\":\"http:\\\/\\\/latelierdelaluciole.fr\\\/wp-content\\\/uploads\\\/2019\\\/07\\\/Affiche-fete-lises-2019-ecran-695x974.jpg\",\"contentUrl\":\"http:\\\/\\\/latelierdelaluciole.fr\\\/wp-content\\\/uploads\\\/2019\\\/07\\\/Affiche-fete-lises-2019-ecran-695x974.jpg\"},{\"@type\":\"BreadcrumbList\",\"@id\":\"https:\\\/\\\/latelierdelaluciole.fr\\\/index.php\\\/agenda-des-marches\\\/#breadcrumb\",\"itemListElement\":[{\"@type\":\"ListItem\",\"position\":1,\"name\":\"Accueil\",\"item\":\"https:\\\/\\\/latelierdelaluciole.fr\\\/\"},{\"@type\":\"ListItem\",\"position\":2,\"name\":\"Agenda des march\u00e9s\"}]},{\"@type\":\"WebSite\",\"@id\":\"https:\\\/\\\/latelierdelaluciole.fr\\\/#website\",\"url\":\"https:\\\/\\\/latelierdelaluciole.fr\\\/\",\"name\":\"L&#039;atelier de la luciole-Lucia Diaz\",\"description\":\"\",\"potentialAction\":[{\"@type\":\"SearchAction\",\"target\":{\"@type\":\"EntryPoint\",\"urlTemplate\":\"https:\\\/\\\/latelierdelaluciole.fr\\\/?s={search_term_string}\"},\"query-input\":{\"@type\":\"PropertyValueSpecification\",\"valueRequired\":true,\"valueName\":\"search_term_string\"}}],\"inLanguage\":\"fr-FR\"}]}<\/script>\n<!-- \/ Yoast SEO plugin. -->","yoast_head_json":{"title":"Agenda des march\u00e9s - L&#039;atelier de la luciole-Lucia Diaz","robots":{"index":"index","follow":"follow","max-snippet":"max-snippet:-1","max-image-preview":"max-image-preview:large","max-video-preview":"max-video-preview:-1"},"canonical":"https:\/\/latelierdelaluciole.fr\/index.php\/agenda-des-marches\/","og_locale":"fr_FR","og_type":"article","og_title":"Agenda des march\u00e9s - L&#039;atelier de la luciole-Lucia Diaz","og_description":"J&rsquo;y \u00e9tais en 2020 et 2021 12 d\u00e9cembre 2021: March\u00e9 de No\u00ebl de Diwan Lannuon, les Ursulines, Lannion. 19 et 20 septembre 2020 : Les Enflamm\u00e9s, Lannion. https:\/\/www.les-enflammes.com\/ J&rsquo;y \u00e9tais en 2019 March\u00e9s de No\u00ebl : 15 d\u00e9cembre &hellip; Continue reading \"Agenda des march\u00e9s\"","og_url":"https:\/\/latelierdelaluciole.fr\/index.php\/agenda-des-marches\/","og_site_name":"L&#039;atelier de la luciole-Lucia Diaz","article_modified_time":"2022-02-03T17:20:00+00:00","og_image":[{"url":"http:\/\/latelierdelaluciole.fr\/wp-content\/uploads\/2019\/07\/Affiche-fete-lises-2019-ecran-695x974.jpg","type":"","width":"","height":""}],"twitter_card":"summary_large_image","twitter_misc":{"Dur\u00e9e de lecture estim\u00e9e":"4 minutes"},"schema":{"@context":"https:\/\/schema.org","@graph":[{"@type":"WebPage","@id":"https:\/\/latelierdelaluciole.fr\/index.php\/agenda-des-marches\/","url":"https:\/\/latelierdelaluciole.fr\/index.php\/agenda-des-marches\/","name":"Agenda des march\u00e9s - L&#039;atelier de la luciole-Lucia Diaz","isPartOf":{"@id":"https:\/\/latelierdelaluciole.fr\/#website"},"primaryImageOfPage":{"@id":"https:\/\/latelierdelaluciole.fr\/index.php\/agenda-des-marches\/#primaryimage"},"image":{"@id":"https:\/\/latelierdelaluciole.fr\/index.php\/agenda-des-marches\/#primaryimage"},"thumbnailUrl":"http:\/\/latelierdelaluciole.fr\/wp-content\/uploads\/2019\/07\/Affiche-fete-lises-2019-ecran-695x974.jpg","datePublished":"2019-03-14T14:02:27+00:00","dateModified":"2022-02-03T17:20:00+00:00","breadcrumb":{"@id":"https:\/\/latelierdelaluciole.fr\/index.php\/agenda-des-marches\/#breadcrumb"},"inLanguage":"fr-FR","potentialAction":[{"@type":"ReadAction","target":["https:\/\/latelierdelaluciole.fr\/index.php\/agenda-des-marches\/"]}]},{"@type":"ImageObject","inLanguage":"fr-FR","@id":"https:\/\/latelierdelaluciole.fr\/index.php\/agenda-des-marches\/#primaryimage","url":"http:\/\/latelierdelaluciole.fr\/wp-content\/uploads\/2019\/07\/Affiche-fete-lises-2019-ecran-695x974.jpg","contentUrl":"http:\/\/latelierdelaluciole.fr\/wp-content\/uploads\/2019\/07\/Affiche-fete-lises-2019-ecran-695x974.jpg"},{"@type":"BreadcrumbList","@id":"https:\/\/latelierdelaluciole.fr\/index.php\/agenda-des-marches\/#breadcrumb","itemListElement":[{"@type":"ListItem","position":1,"name":"Accueil","item":"https:\/\/latelierdelaluciole.fr\/"},{"@type":"ListItem","position":2,"name":"Agenda des march\u00e9s"}]},{"@type":"WebSite","@id":"https:\/\/latelierdelaluciole.fr\/#website","url":"https:\/\/latelierdelaluciole.fr\/","name":"L&#039;atelier de la luciole-Lucia Diaz","description":"","potentialAction":[{"@type":"SearchAction","target":{"@type":"EntryPoint","urlTemplate":"https:\/\/latelierdelaluciole.fr\/?s={search_term_string}"},"query-input":{"@type":"PropertyValueSpecification","valueRequired":true,"valueName":"search_term_string"}}],"inLanguage":"fr-FR"}]}},"_links":{"self":[{"href":"https:\/\/latelierdelaluciole.fr\/index.php\/wp-json\/wp\/v2\/pages\/107","targetHints":{"allow":["GET"]}}],"collection":[{"href":"https:\/\/latelierdelaluciole.fr\/index.php\/wp-json\/wp\/v2\/pages"}],"about":[{"href":"https:\/\/latelierdelaluciole.fr\/index.php\/wp-json\/wp\/v2\/types\/page"}],"author":[{"embeddable":true,"href":"https:\/\/latelierdelaluciole.fr\/index.php\/wp-json\/wp\/v2\/users\/1"}],"replies":[{"embeddable":true,"href":"https:\/\/latelierdelaluciole.fr\/index.php\/wp-json\/wp\/v2\/comments?post=107"}],"version-history":[{"count":27,"href":"https:\/\/latelierdelaluciole.fr\/index.php\/wp-json\/wp\/v2\/pages\/107\/revisions"}],"predecessor-version":[{"id":356,"href":"https:\/\/latelierdelaluciole.fr\/index.php\/wp-json\/wp\/v2\/pages\/107\/revisions\/356"}],"wp:attachment":[{"href":"https:\/\/latelierdelaluciole.fr\/index.php\/wp-json\/wp\/v2\/media?parent=107"}],"curies":[{"name":"wp","href":"https:\/\/api.w.org\/{rel}","templated":true}]}}